{"id":325,"date":"2025-06-22T12:13:06","date_gmt":"2025-06-22T10:13:06","guid":{"rendered":"https:\/\/almohajerin.at\/?page_id=325"},"modified":"2025-08-24T11:17:47","modified_gmt":"2025-08-24T09:17:47","slug":"unterstuetzung-bei-der-oesterreichischen-buerokratie","status":"publish","type":"page","link":"https:\/\/almohajerin.at\/fa\/unterstuetzung-bei-der-oesterreichischen-buerokratie\/","title":{"rendered":"\u067e\u0634\u062a\u06cc\u0628\u0627\u0646\u06cc \u062f\u0631 \u0632\u0645\u06cc\u0646\u0647\u200c\u06cc \u0641\u0631\u0622\u06cc\u0646\u062f\u0647\u0627\u06cc \u0627\u062f\u0627\u0631\u06cc \u062f\u0631 \u0627\u062a\u0631\u06cc\u0634"},"content":{"rendered":"<p><strong>Beratung &amp; Hilfe<\/strong> beim Ausf\u00fcllen von Formularen<\/p>\n\n\n\n<p>Ihr braucht Unterst\u00fctzung bei Antr\u00e4gen, Dokumenten oder beh\u00f6rdlichen Schreiben? Unser neues Beratungsprojekt hilft euch weiter \u2013 pers\u00f6nlich, vertrauensvoll und kostenlos.<\/p>\n\n\n\n<p><strong>Begleiter<\/strong>: Mohammad Ahmadi &amp; Fawad Rasooli<\/p>\n\n\n\n<p><strong>Terminvereinbarung<\/strong>: WhatsApp Nachricht, E-Mail oder Eintrag in der Terminliste in der Moschee<\/p>\n\n\n\n<p><strong>Or<\/strong>t: Al Mohajerin Moschee \u2013 Leitgebgasse 7D\/ 1050, Wien<\/p>\n\n\n\n<p><strong>Tel<\/strong>: 0677 629 13167<\/p>\n\n\n\n<p><strong>E-Mail Adresse<\/strong>: info@almohajerin.at<\/p>\n\n\n\n<p><strong>Beratungszeiten<\/strong>: Jeden Freitag: 10:00 \u2013 12:00 Uhr<\/p>\n\n\n\n<p>Wir helfen bei:<\/p>\n\n\n\n<ul class=\"wp-block-list\">\n<li>AMS-Antr\u00e4ge<\/li>\n\n\n\n<li>Sozialantr\u00e4ge<\/li>\n\n\n\n<li>\u00dcbersetzen von Briefen<\/li>\n\n\n\n<li>Kinderbeihilfe<\/li>\n\n\n\n<li>Hilfe bei Antragstellungen per E-Mail<\/li>\n\n\n\n<li>Info-Gespr\u00e4che zu:<\/li>\n<\/ul>\n\n\n\n<p>o Aufenthaltsverl\u00e4ngerung<\/p>\n\n\n\n<p>o Reisepassverl\u00e4ngerung<\/p>\n\n\n\n<p>o Deutschpr\u00fcfungen<\/p>\n\n\n\n<figure class=\"wp-block-image size-large\"><img fetchpriority=\"high\" decoding=\"async\" width=\"1024\" height=\"768\" src=\"https:\/\/almohajerin.at\/wp-content\/uploads\/2025\/08\/FB_IMG_1756026797175-1024x768.jpg\" alt=\"\" class=\"wp-image-339\" srcset=\"https:\/\/almohajerin.at\/wp-content\/uploads\/2025\/08\/FB_IMG_1756026797175-1024x768.jpg 1024w, https:\/\/almohajerin.at\/wp-content\/uploads\/2025\/08\/FB_IMG_1756026797175-300x225.jpg 300w, https:\/\/almohajerin.at\/wp-content\/uploads\/2025\/08\/FB_IMG_1756026797175-768x576.jpg 768w, https:\/\/almohajerin.at\/wp-content\/uploads\/2025\/08\/FB_IMG_1756026797175-1536x1152.jpg 1536w, https:\/\/almohajerin.at\/wp-content\/uploads\/2025\/08\/FB_IMG_1756026797175.jpg 2040w\" sizes=\"(max-width: 1024px) 100vw, 1024px\" \/><\/figure>\n\n\n\n<p><\/p>","protected":false},"excerpt":{"rendered":"<p>Beratung &amp; Hilfe beim Ausf\u00fcllen von Formularen Ihr braucht Unterst\u00fctzung bei Antr\u00e4gen, Dokumenten oder beh\u00f6rdlichen Schreiben? Unser neues Beratungsprojekt hilft euch weiter \u2013 pers\u00f6nlich, vertrauensvoll und kostenlos. Begleiter: Mohammad Ahmadi &amp; Fawad Rasooli Terminvereinbarung: WhatsApp Nachricht, E-Mail oder Eintrag in der Terminliste in der Moschee Ort: Al Mohajerin Moschee \u2013 Leitgebgasse 7D\/ 1050, Wien Tel: [&hellip;]<\/p>\n","protected":false},"author":1,"featured_media":0,"parent":0,"menu_order":0,"comment_status":"closed","ping_status":"closed","template":"","meta":{"footnotes":""},"class_list":["post-325","page","type-page","status-publish","hentry"],"blocksy_meta":[],"_links":{"self":[{"href":"https:\/\/almohajerin.at\/fa\/wp-json\/wp\/v2\/pages\/325","targetHints":{"allow":["GET"]}}],"collection":[{"href":"https:\/\/almohajerin.at\/fa\/wp-json\/wp\/v2\/pages"}],"about":[{"href":"https:\/\/almohajerin.at\/fa\/wp-json\/wp\/v2\/types\/page"}],"author":[{"embeddable":true,"href":"https:\/\/almohajerin.at\/fa\/wp-json\/wp\/v2\/users\/1"}],"replies":[{"embeddable":true,"href":"https:\/\/almohajerin.at\/fa\/wp-json\/wp\/v2\/comments?post=325"}],"version-history":[{"count":2,"href":"https:\/\/almohajerin.at\/fa\/wp-json\/wp\/v2\/pages\/325\/revisions"}],"predecessor-version":[{"id":340,"href":"https:\/\/almohajerin.at\/fa\/wp-json\/wp\/v2\/pages\/325\/revisions\/340"}],"wp:attachment":[{"href":"https:\/\/almohajerin.at\/fa\/wp-json\/wp\/v2\/media?parent=325"}],"curies":[{"name":"wp","href":"https:\/\/api.w.org\/{rel}","templated":true}]}}